{"id":54,"date":"2017-05-03T19:27:05","date_gmt":"2017-05-03T19:27:05","guid":{"rendered":"http:\/\/salonschane.de\/?page_id=54"},"modified":"2017-06-06T20:43:57","modified_gmt":"2017-06-06T20:43:57","slug":"haarverdichtung","status":"publish","type":"page","link":"https:\/\/salonschane.de\/?page_id=54","title":{"rendered":"Haarverdichtung"},"content":{"rendered":"<p style=\"text-align: center;\"><span style=\"font-family: tahoma, arial, helvetica, sans-serif;\">Die nat\u00fcrlichste und dauerhafteste Methode, um feinem und sch\u00fctterem Haar wieder F\u00fclle und Volumen zu verleihen,<\/span>\u00a0<span style=\"font-family: tahoma, arial, helvetica, sans-serif;\">sind Haarverdichtungen von\u00a0<\/span><\/p>\n<p style=\"text-align: center;\"><img decoding=\"async\" loading=\"lazy\" class=\"alignnone size-full wp-image-267\" src=\"https:\/\/salonschane.de\/wp-content\/uploads\/2017\/05\/Hairdreams.jpg\" alt=\"\" width=\"300\" height=\"114\" \/><\/p>\n<p style=\"text-align: center;\"><span style=\"font-family: tahoma, arial, helvetica, sans-serif;\">Abh\u00e4ngig davon wie fein oder sch\u00fctter das vorhandene Eigenhaar ist (oder bei Haarausfall) stehen verschiedene Methoden<\/span>\u00a0<span style=\"font-family: tahoma, arial, helvetica, sans-serif;\">der Haarverdichtung zur Verf\u00fcgung.<\/span><\/p>\n<p>&nbsp;<\/p>\n","protected":false},"excerpt":{"rendered":"<p>Die nat\u00fcrlichste und dauerhafteste Methode, um feinem und sch\u00fctterem Haar wieder F\u00fclle und Volumen zu verleihen,\u00a0sind Haarverdichtungen von\u00a0 Abh\u00e4ngig davon wie fein oder sch\u00fctter das vorhandene Eigenhaar ist (oder bei Haarausfall) stehen verschiedene Methoden\u00a0der Haarverdichtung zur Verf\u00fcgung. &nbsp;<\/p>\n","protected":false},"author":2,"featured_media":0,"parent":0,"menu_order":0,"comment_status":"closed","ping_status":"closed","template":"","meta":[],"_links":{"self":[{"href":"https:\/\/salonschane.de\/index.php?rest_route=\/wp\/v2\/pages\/54"}],"collection":[{"href":"https:\/\/salonschane.de\/index.php?rest_route=\/wp\/v2\/pages"}],"about":[{"href":"https:\/\/salonschane.de\/index.php?rest_route=\/wp\/v2\/types\/page"}],"author":[{"embeddable":true,"href":"https:\/\/salonschane.de\/index.php?rest_route=\/wp\/v2\/users\/2"}],"replies":[{"embeddable":true,"href":"https:\/\/salonschane.de\/index.php?rest_route=%2Fwp%2Fv2%2Fcomments&post=54"}],"version-history":[{"count":15,"href":"https:\/\/salonschane.de\/index.php?rest_route=\/wp\/v2\/pages\/54\/revisions"}],"predecessor-version":[{"id":630,"href":"https:\/\/salonschane.de\/index.php?rest_route=\/wp\/v2\/pages\/54\/revisions\/630"}],"wp:attachment":[{"href":"https:\/\/salonschane.de\/index.php?rest_route=%2Fwp%2Fv2%2Fmedia&parent=54"}],"curies":[{"name":"wp","href":"https:\/\/api.w.org\/{rel}","templated":true}]}}