{"id":48,"date":"2017-05-03T19:25:19","date_gmt":"2017-05-03T19:25:19","guid":{"rendered":"http:\/\/salonschane.de\/?page_id=48"},"modified":"2017-06-06T20:45:59","modified_gmt":"2017-06-06T20:45:59","slug":"haarverlaengerung","status":"publish","type":"page","link":"https:\/\/salonschane.de\/?page_id=48","title":{"rendered":"Haarverl\u00e4ngerung"},"content":{"rendered":"<p>Mit dem hochwertigen Echthaar und den professionellen Hairdreams-Systemen zur Haarverl\u00e4ngerung und Haarverdichtung ist alles m\u00f6glich. Diese ist vom nat\u00fcrlichen Eigenhaar praktisch nicht zu unterscheiden und erm\u00f6glicht es, in wenigen Stunden die Haarl\u00e4nge und -f\u00fclle so zu ver\u00e4ndern, dass fast jede gew\u00fcnschte Frisur machbar ist.<\/p>\n<p><img decoding=\"async\" loading=\"lazy\" class=\"size-medium wp-image-49 aligncenter\" src=\"https:\/\/salonschane.de\/wp-content\/uploads\/2017\/05\/21428889-300x114.jpg\" alt=\"\" width=\"300\" height=\"114\" \/><\/p>\n<p>Hairdreams bietet eine riesige Auswahl an Farben, Wellungen und Haarl\u00e4ngen. Damit kann so gut wie jeder individuelle Frisurentraum erf\u00fcllt werden.<\/p>\n<p>Beste Qualit\u00e4t! Perfektion &amp; au\u00dfergew\u00f6hnliche Vielfalt der verf\u00fcgbaren Str\u00e4hnentypen \u2013 \u00fcberzeugen Sie sich selbst mit den erstaunlichen &#8222;vorher-nachher-Ergebnissen.<br \/>\nDie Perfektion und der hohe Qualit\u00e4tsanspruch von Hairdreams zeigt sich nicht nur in der Haarqualit\u00e4t, sondern auch in der au\u00dfergew\u00f6hnlichen Vielfalt und Qualit\u00e4t der verf\u00fcgbaren Bondings und Str\u00e4hnentypen. Mit innovativen ergonomischen Bondings und verschiedensten Str\u00e4hnenst\u00e4rken, -formen und -l\u00e4ngen kann jede Haarverl\u00e4ngerung perfekt an ihre individuellen W\u00fcnsche und Gegebenheiten angepasst werden.<\/p>\n<p>Am Anfang einer Hairdreams-Echthaarverl\u00e4ngerung steht zun\u00e4chst das Beratungsgespr\u00e4ch. Dort werden die Details wie Haarfarbe, Haarl\u00e4nge und -struktur genau festgelegt. \u2028\u2028Die Haare werden dann von Hairdreams &#8222;nach Ma\u00df&#8220; zusammengestellt und im Normalfall in 1 &#8211; 2 Tagen an uns geliefert.<br \/>\nPreise erhalten Sie gern auf Anfrage.<\/p>\n","protected":false},"excerpt":{"rendered":"<p>Mit dem hochwertigen Echthaar und den professionellen Hairdreams-Systemen zur Haarverl\u00e4ngerung und Haarverdichtung ist alles m\u00f6glich. Diese ist vom nat\u00fcrlichen Eigenhaar praktisch nicht zu unterscheiden und erm\u00f6glicht es, in wenigen Stunden die Haarl\u00e4nge und -f\u00fclle so zu ver\u00e4ndern, dass fast jede gew\u00fcnschte Frisur machbar ist. Hairdreams bietet eine riesige Auswahl an Farben, Wellungen und Haarl\u00e4ngen. Damit kann so gut wie jeder individuelle Frisurentraum erf\u00fcllt werden. Beste Qualit\u00e4t! Perfektion &amp; au\u00dfergew\u00f6hnliche Vielfalt der verf\u00fcgbaren Str\u00e4hnentypen \u2013 \u00fcberzeugen Sie sich selbst mit den erstaunlichen &#8222;vorher-nachher-Ergebnissen. Die Perfektion und der hohe Qualit\u00e4tsanspruch von Hairdreams zeigt sich nicht nur in der Haarqualit\u00e4t, sondern auch in der au\u00dfergew\u00f6hnlichen Vielfalt und Qualit\u00e4t der verf\u00fcgbaren Bondings und Str\u00e4hnentypen. Mit innovativen ergonomischen Bondings und verschiedensten Str\u00e4hnenst\u00e4rken, -formen und -l\u00e4ngen kann jede Haarverl\u00e4ngerung perfekt an ihre individuellen W\u00fcnsche und Gegebenheiten angepasst werden. Am Anfang einer Hairdreams-Echthaarverl\u00e4ngerung steht zun\u00e4chst das Beratungsgespr\u00e4ch. Dort werden die Details wie Haarfarbe, Haarl\u00e4nge und -struktur genau festgelegt. \u2028\u2028Die Haare werden dann von Hairdreams &#8222;nach Ma\u00df&#8220; zusammengestellt und im Normalfall in 1 &#8211; 2 Tagen an uns geliefert. Preise erhalten Sie gern auf Anfrage.<\/p>\n","protected":false},"author":2,"featured_media":0,"parent":0,"menu_order":0,"comment_status":"closed","ping_status":"closed","template":"","meta":[],"_links":{"self":[{"href":"https:\/\/salonschane.de\/index.php?rest_route=\/wp\/v2\/pages\/48"}],"collection":[{"href":"https:\/\/salonschane.de\/index.php?rest_route=\/wp\/v2\/pages"}],"about":[{"href":"https:\/\/salonschane.de\/index.php?rest_route=\/wp\/v2\/types\/page"}],"author":[{"embeddable":true,"href":"https:\/\/salonschane.de\/index.php?rest_route=\/wp\/v2\/users\/2"}],"replies":[{"embeddable":true,"href":"https:\/\/salonschane.de\/index.php?rest_route=%2Fwp%2Fv2%2Fcomments&post=48"}],"version-history":[{"count":10,"href":"https:\/\/salonschane.de\/index.php?rest_route=\/wp\/v2\/pages\/48\/revisions"}],"predecessor-version":[{"id":631,"href":"https:\/\/salonschane.de\/index.php?rest_route=\/wp\/v2\/pages\/48\/revisions\/631"}],"wp:attachment":[{"href":"https:\/\/salonschane.de\/index.php?rest_route=%2Fwp%2Fv2%2Fmedia&parent=48"}],"curies":[{"name":"wp","href":"https:\/\/api.w.org\/{rel}","templated":true}]}}