{"id":45,"date":"2017-05-03T19:18:30","date_gmt":"2017-05-03T19:18:30","guid":{"rendered":"http:\/\/salonschane.de\/?page_id=45"},"modified":"2023-02-15T14:31:11","modified_gmt":"2023-02-15T14:31:11","slug":"brautfrisur-make-up","status":"publish","type":"page","link":"https:\/\/salonschane.de\/?page_id=45","title":{"rendered":"Brautfrisur &#038; Make-Up"},"content":{"rendered":"<p><img decoding=\"async\" loading=\"lazy\" class=\" wp-image-180 alignright\" src=\"https:\/\/salonschane.de\/wp-content\/uploads\/2017\/05\/braut6.jpg\" alt=\"\" width=\"169\" height=\"376\" \/><\/p>\n<blockquote><p><span style=\"color: #000000; font-size: 12pt; font-family: tahoma, arial, helvetica, sans-serif;\">Geben Sie sich f\u00fcr den sch\u00f6nsten Tag Ihres Lebens in unsere erfahrenen H\u00e4nde.\u00a0Als Visagistin und Hair-Stylistin berate ich Sie gerne \u00fcber typ gerechtes Styling und Make Up und kreiere mit Haarteilen und \u2010unterlagen selbst aus kurzen und d\u00fcnnen Haaren die sch\u00f6nsten Brautfrisuren.<\/span><\/p><\/blockquote>\n<p>Auf Wunsch,\u00a0bieten wir unseren Service, gegen Aufpreis, auch Vor Ort an.<\/p>\n","protected":false},"excerpt":{"rendered":"<p>Geben Sie sich f\u00fcr den sch\u00f6nsten Tag Ihres Lebens in unsere erfahrenen H\u00e4nde.\u00a0Als Visagistin und Hair-Stylistin berate ich Sie gerne \u00fcber typ gerechtes Styling und Make Up und kreiere mit Haarteilen und \u2010unterlagen selbst aus kurzen und d\u00fcnnen Haaren die sch\u00f6nsten Brautfrisuren. Auf Wunsch,\u00a0bieten wir unseren Service, gegen Aufpreis, auch Vor Ort an.<\/p>\n","protected":false},"author":2,"featured_media":0,"parent":0,"menu_order":0,"comment_status":"closed","ping_status":"closed","template":"","meta":[],"_links":{"self":[{"href":"https:\/\/salonschane.de\/index.php?rest_route=\/wp\/v2\/pages\/45"}],"collection":[{"href":"https:\/\/salonschane.de\/index.php?rest_route=\/wp\/v2\/pages"}],"about":[{"href":"https:\/\/salonschane.de\/index.php?rest_route=\/wp\/v2\/types\/page"}],"author":[{"embeddable":true,"href":"https:\/\/salonschane.de\/index.php?rest_route=\/wp\/v2\/users\/2"}],"replies":[{"embeddable":true,"href":"https:\/\/salonschane.de\/index.php?rest_route=%2Fwp%2Fv2%2Fcomments&post=45"}],"version-history":[{"count":23,"href":"https:\/\/salonschane.de\/index.php?rest_route=\/wp\/v2\/pages\/45\/revisions"}],"predecessor-version":[{"id":729,"href":"https:\/\/salonschane.de\/index.php?rest_route=\/wp\/v2\/pages\/45\/revisions\/729"}],"wp:attachment":[{"href":"https:\/\/salonschane.de\/index.php?rest_route=%2Fwp%2Fv2%2Fmedia&parent=45"}],"curies":[{"name":"wp","href":"https:\/\/api.w.org\/{rel}","templated":true}]}}