{"id":42,"date":"2017-05-03T19:16:52","date_gmt":"2017-05-03T19:16:52","guid":{"rendered":"http:\/\/salonschane.de\/?page_id=42"},"modified":"2023-02-15T14:32:21","modified_gmt":"2023-02-15T14:32:21","slug":"permanent-make-up","status":"publish","type":"page","link":"https:\/\/salonschane.de\/?page_id=42","title":{"rendered":"Permanent Make-Up"},"content":{"rendered":"<p>Permanent Make-Up (PM) ist eine zeitgerechte, dauerhafte Schminkmethode. Es ist eine Jahrhunderte alte, kosmetische T\u00e4towierung und kommt aus China und fernem Osten \u00fcber die USA zu uns nach Deutschland.<\/p>\n<p>PM wird bevorzugt im Gesicht als Dauerschminke f\u00fcr Augenbrauen, Augenlider und Lippen angewendet. Beim jedem (PM) werden mittels einer oder mehrerer Nadeln Farbpigmente in die obersten Hautschichten implantiert. Im Gegensatz zur T\u00e4towierung wird hier Farbe bis zur Leder-, bzw. Unterhaut eingebracht.<\/p>\n<p>Das PM richtet sich immer nach Ihrer Haar- und Augenfarbe und Ihrem Hautton. Im Normalfall h\u00e4lt PM mehrere Jahre, abh\u00e4ngig von verschiedenen \u00e4u\u00dferen Umst\u00e4nden, wie extreme Sonneneinstrahlung, starkes Peeling und starke Witterungseinfl\u00fcsse.<\/p>\n<p><span style=\"color: #9966ff;\"><strong>Augenbrauen<\/strong><\/span><\/p>\n<p>Sie sind von gro\u00dfer Bedeutung, verleihen dem Gesicht Ausdruckskraft und umrahmen das Auge, ohne es zu erdr\u00fccken.<br \/>\nOft wachsen die Brauen unregelm\u00e4\u00dfig oder durch st\u00e4ndiges Zupfen sehr sp\u00e4rlich.<br \/>\nF\u00e4rben ist nur eine kurzfristige L\u00f6sung, da gerade Brauenh\u00e4rchen nur eine Lebensdauer von vier Wochen haben.<\/p>\n<p><img decoding=\"async\" loading=\"lazy\" class=\"alignnone size-full wp-image-89\" src=\"https:\/\/salonschane.de\/wp-content\/uploads\/2017\/05\/18729964.jpg\" alt=\"\" width=\"250\" height=\"212\" \/><\/p>\n<p><span style=\"color: #9966ff;\"><strong>Lippenkonturen<\/strong><\/span><\/p>\n<p>Zur optimalen Versch\u00f6nerung Ihres Mundes. Keine d\u00fcnne und blasse Lippen! Kein F\u00e4ltchen! Betonte Konturen!<br \/>\nKein l\u00e4stiges Nachzeichnen Ihrer Lippen mit Konturenstift!<br \/>\nZuerst zeichnen wir Ihnen Ihre Lippen in einem typgem\u00e4\u00df passenden Farbton vor, Unregelm\u00e4\u00dfigkeiten werden somit ausgeglichen.<br \/>\nUnsere Farbpalette reicht von der nat\u00fcrlichen Lippenfarbe bis zur Trendfarbe bronce\/br\u00e4unlich.<\/p>\n<p><span style=\"color: #9966ff;\"><strong>Lidstrich \/ Ober- und Unterlid \/ Lidkranz<\/strong><\/span><\/p>\n<p>Der obere und untere Lidrand unterstreicht die Ausdruckskraft der Augen und betont sie.<br \/>\nMit einem Lidstrich wirken Ihre Wimpern dichter. Zudem besonders geeignet bei Haarlosigkeit, d\u00fcnnen und oder hellen Wimpern.<br \/>\nKein verwischtes Augen Make-up mehr!<\/p>\n<p><img decoding=\"async\" loading=\"lazy\" class=\"alignnone size-medium wp-image-90\" src=\"https:\/\/salonschane.de\/wp-content\/uploads\/2017\/05\/18730187-248x300.jpg\" alt=\"\" width=\"248\" height=\"300\" srcset=\"https:\/\/salonschane.de\/wp-content\/uploads\/2017\/05\/18730187-248x300.jpg 248w, https:\/\/salonschane.de\/wp-content\/uploads\/2017\/05\/18730187.jpg 250w\" sizes=\"(max-width: 248px) 100vw, 248px\" \/><\/p>\n<p><span style=\"color: #9966ff;\"><strong>Camouflage<\/strong><\/span><\/p>\n<p>Pigmentverf\u00e4rbungen wie Altersflecken oder Hautanomalien, Feuermale und Narben mit Camouflage Make-up<br \/>\n\u00fcberdecken Feinstpigmentierung von Haarans\u00e4tzen.<\/p>\n<p><span style=\"color: #9966ff;\"><strong>Reformierung<\/strong><\/span><\/p>\n<p>Pigmentierung von Augenbrauen oder Wimpernzeichnung bei Haarausfall.<br \/>\nFeinste H\u00e4rchenzeichnung und Motivfeinstpigmentierung nach Ihrer Vorlage.<\/p>\n<p><span style=\"color: #9966ff;\"><strong>Pigmentierung<\/strong><\/span><\/p>\n<p>Mit einem speziellen Farbstift werden die idealen Konturen vorgezeichnet, die sich durch exaktes Vermessen des Gesichts ermitteln lassen. So kann man vor der endg\u00fcltigen Pigmentierung jederzeit Korrekturen vornehmen, bis man absolut von der Vorzeichnung \u00fcberzeugt ist. Erst dann beginnt das eigentliche Implantieren der Farben.<\/p>\n<p>Sie werden begeistert sein: kein l\u00e4stiges Schminken und Abschminken mehr!<br \/>\nDauerhaft perfekte Augenbrauen, Lidstrich und Lippen!<br \/>\nSch\u00f6nes Aussehen in jeder Lebenssituation!<\/p>\n<p>Falls Ihr Permanent Make-up Ihnen nach der Erstbehandlung zu zart erscheint, k\u00f6nnen Sie Ihren W\u00fcnschen entsprechend mit kostenfreien Nacharbeiten innerhalb von 2 Monaten das Permanent Make-up intensiver pigmentieren lassen.<\/p>\n<p>Rufen Sie uns gleich an<\/p>\n<p>0271 \/ 238 43 66<\/p>\n<p>oder\u00a0<a href=\"https:\/\/salonschane.de\/kontakt\">schreiben Sie uns.<\/a><\/p>\n","protected":false},"excerpt":{"rendered":"<p>Permanent Make-Up (PM) ist eine zeitgerechte, dauerhafte Schminkmethode. Es ist eine Jahrhunderte alte, kosmetische T\u00e4towierung und kommt aus China und fernem Osten \u00fcber die USA zu uns nach Deutschland. PM wird bevorzugt im Gesicht als Dauerschminke f\u00fcr Augenbrauen, Augenlider und Lippen angewendet. Beim jedem (PM) werden mittels einer oder mehrerer Nadeln Farbpigmente in die obersten Hautschichten implantiert. Im Gegensatz zur T\u00e4towierung wird hier Farbe bis zur Leder-, bzw. Unterhaut eingebracht. Das PM richtet sich immer nach Ihrer Haar- und Augenfarbe und Ihrem Hautton. Im Normalfall h\u00e4lt PM mehrere Jahre, abh\u00e4ngig von verschiedenen \u00e4u\u00dferen Umst\u00e4nden, wie extreme Sonneneinstrahlung, starkes Peeling und starke Witterungseinfl\u00fcsse. Augenbrauen Sie sind von gro\u00dfer Bedeutung, verleihen dem Gesicht Ausdruckskraft und umrahmen das Auge, ohne es zu erdr\u00fccken. Oft wachsen die Brauen unregelm\u00e4\u00dfig oder durch st\u00e4ndiges Zupfen sehr sp\u00e4rlich. F\u00e4rben ist nur eine kurzfristige L\u00f6sung, da gerade Brauenh\u00e4rchen nur eine Lebensdauer von vier Wochen haben. Lippenkonturen Zur optimalen Versch\u00f6nerung Ihres Mundes. Keine d\u00fcnne und blasse Lippen! Kein F\u00e4ltchen! Betonte Konturen! Kein l\u00e4stiges Nachzeichnen Ihrer Lippen mit Konturenstift! Zuerst zeichnen wir Ihnen Ihre Lippen in einem typgem\u00e4\u00df passenden Farbton vor, Unregelm\u00e4\u00dfigkeiten werden somit ausgeglichen. Unsere Farbpalette reicht von der nat\u00fcrlichen Lippenfarbe bis zur Trendfarbe bronce\/br\u00e4unlich. Lidstrich \/ Ober- und Unterlid \/ Lidkranz Der obere und untere Lidrand unterstreicht die Ausdruckskraft der Augen und betont sie. Mit einem Lidstrich wirken Ihre Wimpern dichter. Zudem besonders geeignet bei Haarlosigkeit, d\u00fcnnen und oder hellen Wimpern. Kein verwischtes Augen Make-up mehr! Camouflage Pigmentverf\u00e4rbungen wie Altersflecken oder Hautanomalien, Feuermale und Narben mit Camouflage Make-up \u00fcberdecken Feinstpigmentierung von Haarans\u00e4tzen. Reformierung Pigmentierung von Augenbrauen oder Wimpernzeichnung bei Haarausfall. Feinste H\u00e4rchenzeichnung und Motivfeinstpigmentierung nach Ihrer Vorlage. Pigmentierung Mit einem speziellen Farbstift werden die idealen Konturen vorgezeichnet, die sich durch exaktes Vermessen des Gesichts ermitteln lassen. So kann man vor der endg\u00fcltigen Pigmentierung jederzeit Korrekturen vornehmen, bis man absolut von der Vorzeichnung \u00fcberzeugt ist. Erst dann beginnt das eigentliche Implantieren der Farben. Sie werden begeistert sein: kein l\u00e4stiges Schminken und Abschminken mehr! Dauerhaft perfekte Augenbrauen, Lidstrich und Lippen! Sch\u00f6nes Aussehen in jeder Lebenssituation! Falls Ihr Permanent Make-up Ihnen nach der Erstbehandlung zu zart erscheint, k\u00f6nnen Sie Ihren W\u00fcnschen entsprechend mit kostenfreien Nacharbeiten innerhalb von 2 Monaten das Permanent Make-up intensiver pigmentieren lassen. Rufen Sie uns gleich an 0271 \/ 238 43 66 oder\u00a0schreiben Sie uns.<\/p>\n","protected":false},"author":2,"featured_media":0,"parent":0,"menu_order":0,"comment_status":"closed","ping_status":"closed","template":"","meta":[],"_links":{"self":[{"href":"https:\/\/salonschane.de\/index.php?rest_route=\/wp\/v2\/pages\/42"}],"collection":[{"href":"https:\/\/salonschane.de\/index.php?rest_route=\/wp\/v2\/pages"}],"about":[{"href":"https:\/\/salonschane.de\/index.php?rest_route=\/wp\/v2\/types\/page"}],"author":[{"embeddable":true,"href":"https:\/\/salonschane.de\/index.php?rest_route=\/wp\/v2\/users\/2"}],"replies":[{"embeddable":true,"href":"https:\/\/salonschane.de\/index.php?rest_route=%2Fwp%2Fv2%2Fcomments&post=42"}],"version-history":[{"count":25,"href":"https:\/\/salonschane.de\/index.php?rest_route=\/wp\/v2\/pages\/42\/revisions"}],"predecessor-version":[{"id":731,"href":"https:\/\/salonschane.de\/index.php?rest_route=\/wp\/v2\/pages\/42\/revisions\/731"}],"wp:attachment":[{"href":"https:\/\/salonschane.de\/index.php?rest_route=%2Fwp%2Fv2%2Fmedia&parent=42"}],"curies":[{"name":"wp","href":"https:\/\/api.w.org\/{rel}","templated":true}]}}