{"id":36,"date":"2017-05-03T19:07:32","date_gmt":"2017-05-03T19:07:32","guid":{"rendered":"http:\/\/salonschane.de\/?page_id=36"},"modified":"2023-02-15T14:28:46","modified_gmt":"2023-02-15T14:28:46","slug":"ipl-behandlungen","status":"publish","type":"page","link":"https:\/\/salonschane.de\/?page_id=36","title":{"rendered":"IPL-Behandlungen"},"content":{"rendered":"<p><span style=\"font-family: tahoma,arial,helvetica,sans-serif;\">Wir bieten Ihnen eine effiziente schonende M\u00f6glichkeit zur dauerhaften Haarregulierung und sch\u00f6ner glatter Haut in folgenden K\u00f6rperpartien:<\/span><\/p>\n<ul style=\"list-style-type: square;\">\n<li><span style=\"font-family: tahoma,arial,helvetica,sans-serif;\">Oberlippe (Damenbart), Kinn, Koteletten, Wangen, Nacken, Hals, Achseln, Beine, Unterschenkel, Oberschenkel,\u00a0Po (komplett), Bauch, Nabelstreifen, Brust (um Warzenhof), Unterarme, Oberarme, Schultern, Ganzer R\u00fccken, Unterer R\u00fccken<\/span><\/li>\n<li><span style=\"font-family: tahoma,arial,helvetica,sans-serif;\">Intim, Bikinizone<\/span><\/li>\n<\/ul>\n<p><span style=\"font-family: tahoma,arial,helvetica,sans-serif;\">Keine l\u00e4stige H\u00e4rchen und Stoppel! Kein leidiges Rasieren oder schmerzhafte Zupf-\/ Wachsentharrung mehr!<\/span><\/p>\n<p><span style=\"font-family: tahoma,arial,helvetica,sans-serif;\">Wir bieten Ihnen mit dem SWISS MED IPL I erstmalig ein High-Tech-System mit Mehrpuls-Technologie an.<\/span><br \/>\n<span style=\"font-family: tahoma,arial,helvetica,sans-serif;\"> Das bedeutet, dass der betroffene Hautbereich mit mehreren aufeinander folgenden Impulsen behandelt wird.<\/span><br \/>\n<span style=\"font-family: tahoma,arial,helvetica,sans-serif;\"> Dadurch wird die W\u00e4rmeenergie der Lichtimpulse schubweise bis in die Tiefen des Haarschaftes gelenkt und<\/span><br \/>\n<span style=\"font-family: tahoma,arial,helvetica,sans-serif;\"> garantiert somit die Zerst\u00f6rung der Haarversorgungsgef\u00e4\u00dfe.<\/span><\/p>\n<p><span style=\"font-family: tahoma,arial,helvetica,sans-serif;\">Dar\u00fcber hinaus verf\u00fcgt das SWISS MED IPL I \u00fcber eine stufenweise regulierbare K\u00fchlung am Handst\u00fcck.<\/span><br \/>\n<span style=\"font-family: tahoma,arial,helvetica,sans-serif;\"> Dies garantiert eine schonende Behandlung aller Haut- und Haartypen.<b><br \/>\n<\/b><\/span><\/p>\n<p><span style=\"font-family: tahoma,arial,helvetica,sans-serif;\">Die im Haar befindlichen Pigmente werden durch einen Lichtimpuls erhitzt und sind in der Lage, diese Hitze bis in<\/span><br \/>\n<span style=\"font-family: tahoma,arial,helvetica,sans-serif;\"> die Tiefen des Haarschaftes zu leiten mit dem Ziel, die Haarwurzel zu verdampfen.<\/span><\/p>\n<p><span style=\"font-family: tahoma,arial,helvetica,sans-serif;\">Dieser Prozess braucht Zeit. Deshalb sollten zwischen den einzelnen Behandlungsterminen mindestens 4 bis 6 Wochen Abstand liegen.<\/span><\/p>\n<p><span style=\"font-family: tahoma,arial,helvetica,sans-serif;\">Die Anzahl der Behandlungen h\u00e4ngt von der jeweiligen Gr\u00f6\u00dfe des Behandlungsareals sowie dem Melanin- und<\/span><br \/>\n<span style=\"font-family: tahoma,arial,helvetica,sans-serif;\"> Pigmentgehalt des einzelnen Haares ab. Die besten Behandlungserfolge erzielt man bei stark pigmenthaltigen,<\/span><br \/>\n<span style=\"font-family: tahoma,arial,helvetica,sans-serif;\"> dunklen Haaren.<\/span><\/p>\n<p><span style=\"font-family: tahoma,arial,helvetica,sans-serif;\">Je nach Haut- und Haartyp liegt der dauerhafte Erfolg einer Haarregulierung im Idealfall bei 60% bis 80%.<\/span><br \/>\n<span style=\"font-family: tahoma,arial,helvetica,sans-serif;\"> Um den Erfolg Ihrer Haarregulierung langfristig zu unterst\u00fczen, empfehlen wir 1 bis 2 Behandlungen pro Jahr.<\/span><\/p>\n<p><span style=\"font-family: tahoma,arial,helvetica,sans-serif; color: #9966ff;\"><strong>Weitere Behandlungsm\u00f6glichkeiten:<\/strong><\/span><\/p>\n<ul>\n<li><span style=\"font-family: tahoma,arial,helvetica,sans-serif;\">Akne (Gesicht, Schulter, R\u00fccken, Hals)<\/span><\/li>\n<li><span style=\"font-family: tahoma,arial,helvetica,sans-serif;\">Gewebsstraffung<\/span><\/li>\n<li><span style=\"font-family: tahoma,arial,helvetica,sans-serif;\">Haarentfernung<\/span><\/li>\n<li><span style=\"font-family: tahoma,arial,helvetica,sans-serif;\">Hautverj\u00fcngung<\/span><\/li>\n<li><span style=\"font-family: tahoma,arial,helvetica,sans-serif;\">Leichte Vaskul\u00e4re Ver\u00e4nderungen<\/span><\/li>\n<li><span style=\"font-family: tahoma,arial,helvetica,sans-serif;\">Gef\u00e4\u00dfver\u00e4nderungen, Feuermale, kleine Blutgef\u00e4\u00dfe<\/span><\/li>\n<li><span style=\"font-family: tahoma,arial,helvetica,sans-serif;\">Pigmentflecken , Pigmentver\u00e4nderungen, Leberflecken, Muttermale, Sommersprossen, Altersflecken oder Narben<\/span><\/li>\n<\/ul>\n<p><span style=\"font-family: tahoma,arial,helvetica,sans-serif;\"> <img decoding=\"async\" loading=\"lazy\" class=\" wp-image-85 aligncenter\" src=\"https:\/\/salonschane.de\/wp-content\/uploads\/2017\/05\/21928199-300x106.jpg\" alt=\"\" width=\"463\" height=\"164\" srcset=\"https:\/\/salonschane.de\/wp-content\/uploads\/2017\/05\/21928199-300x106.jpg 300w, https:\/\/salonschane.de\/wp-content\/uploads\/2017\/05\/21928199.jpg 400w\" sizes=\"(max-width: 463px) 100vw, 463px\" \/><\/span><br \/>\n<span style=\"font-family: tahoma,arial,helvetica,sans-serif;\">Die vielf\u00e4ltigen Hautbehandlungen sowie dauerhafte Haarentfernung werden bei uns ausschlie\u00dflich von medizinisch geschultem Fachpersonal mit modernsten und effektivsten IPL\u2010Ger\u00e4ten durchgef\u00fchrt.<\/span><\/p>\n<p><span style=\"font-family: tahoma,arial,helvetica,sans-serif;\">Behandlungspreise f\u00fcr Pakete aus mehreren Sitzungen, sowie Behandlungen von Teilbereichen werden bei einem<\/span>\u00a0<span style=\"font-family: tahoma,arial,helvetica,sans-serif;\">pers\u00f6nlichen Beratungsgespr\u00e4ch individuell festgelegt und auch rabattiert.<\/span><\/p>\n<p><span style=\"font-family: tahoma,arial,helvetica,sans-serif; color: #9966ff;\"><strong>\u00a0<\/strong><\/span><\/p>\n","protected":false},"excerpt":{"rendered":"<p>Wir bieten Ihnen eine effiziente schonende M\u00f6glichkeit zur dauerhaften Haarregulierung und sch\u00f6ner glatter Haut in folgenden K\u00f6rperpartien: Oberlippe (Damenbart), Kinn, Koteletten, Wangen, Nacken, Hals, Achseln, Beine, Unterschenkel, Oberschenkel,\u00a0Po (komplett), Bauch, Nabelstreifen, Brust (um Warzenhof), Unterarme, Oberarme, Schultern, Ganzer R\u00fccken, Unterer R\u00fccken Intim, Bikinizone Keine l\u00e4stige H\u00e4rchen und Stoppel! Kein leidiges Rasieren oder schmerzhafte Zupf-\/ Wachsentharrung mehr! Wir bieten Ihnen mit dem SWISS MED IPL I erstmalig ein High-Tech-System mit Mehrpuls-Technologie an. Das bedeutet, dass der betroffene Hautbereich mit mehreren aufeinander folgenden Impulsen behandelt wird. Dadurch wird die W\u00e4rmeenergie der Lichtimpulse schubweise bis in die Tiefen des Haarschaftes gelenkt und garantiert somit die Zerst\u00f6rung der Haarversorgungsgef\u00e4\u00dfe. Dar\u00fcber hinaus verf\u00fcgt das SWISS MED IPL I \u00fcber eine stufenweise regulierbare K\u00fchlung am Handst\u00fcck. Dies garantiert eine schonende Behandlung aller Haut- und Haartypen. Die im Haar befindlichen Pigmente werden durch einen Lichtimpuls erhitzt und sind in der Lage, diese Hitze bis in die Tiefen des Haarschaftes zu leiten mit dem Ziel, die Haarwurzel zu verdampfen. Dieser Prozess braucht Zeit. Deshalb sollten zwischen den einzelnen Behandlungsterminen mindestens 4 bis 6 Wochen Abstand liegen. Die Anzahl der Behandlungen h\u00e4ngt von der jeweiligen Gr\u00f6\u00dfe des Behandlungsareals sowie dem Melanin- und Pigmentgehalt des einzelnen Haares ab. Die besten Behandlungserfolge erzielt man bei stark pigmenthaltigen, dunklen Haaren. Je nach Haut- und Haartyp liegt der dauerhafte Erfolg einer Haarregulierung im Idealfall bei 60% bis 80%. Um den Erfolg Ihrer Haarregulierung langfristig zu unterst\u00fczen, empfehlen wir 1 bis 2 Behandlungen pro Jahr. Weitere Behandlungsm\u00f6glichkeiten: Akne (Gesicht, Schulter, R\u00fccken, Hals) Gewebsstraffung Haarentfernung Hautverj\u00fcngung Leichte Vaskul\u00e4re Ver\u00e4nderungen Gef\u00e4\u00dfver\u00e4nderungen, Feuermale, kleine Blutgef\u00e4\u00dfe Pigmentflecken , Pigmentver\u00e4nderungen, Leberflecken, Muttermale, Sommersprossen, Altersflecken oder Narben Die vielf\u00e4ltigen Hautbehandlungen sowie dauerhafte Haarentfernung werden bei uns ausschlie\u00dflich von medizinisch geschultem Fachpersonal mit modernsten und effektivsten IPL\u2010Ger\u00e4ten durchgef\u00fchrt. Behandlungspreise f\u00fcr Pakete aus mehreren Sitzungen, sowie Behandlungen von Teilbereichen werden bei einem\u00a0pers\u00f6nlichen Beratungsgespr\u00e4ch individuell festgelegt und auch rabattiert. \u00a0<\/p>\n","protected":false},"author":2,"featured_media":0,"parent":0,"menu_order":0,"comment_status":"closed","ping_status":"closed","template":"","meta":[],"_links":{"self":[{"href":"https:\/\/salonschane.de\/index.php?rest_route=\/wp\/v2\/pages\/36"}],"collection":[{"href":"https:\/\/salonschane.de\/index.php?rest_route=\/wp\/v2\/pages"}],"about":[{"href":"https:\/\/salonschane.de\/index.php?rest_route=\/wp\/v2\/types\/page"}],"author":[{"embeddable":true,"href":"https:\/\/salonschane.de\/index.php?rest_route=\/wp\/v2\/users\/2"}],"replies":[{"embeddable":true,"href":"https:\/\/salonschane.de\/index.php?rest_route=%2Fwp%2Fv2%2Fcomments&post=36"}],"version-history":[{"count":29,"href":"https:\/\/salonschane.de\/index.php?rest_route=\/wp\/v2\/pages\/36\/revisions"}],"predecessor-version":[{"id":727,"href":"https:\/\/salonschane.de\/index.php?rest_route=\/wp\/v2\/pages\/36\/revisions\/727"}],"wp:attachment":[{"href":"https:\/\/salonschane.de\/index.php?rest_route=%2Fwp%2Fv2%2Fmedia&parent=36"}],"curies":[{"name":"wp","href":"https:\/\/api.w.org\/{rel}","templated":true}]}}