{"id":164,"date":"2017-05-05T20:05:12","date_gmt":"2017-05-05T20:05:12","guid":{"rendered":"http:\/\/salonschane.de\/?page_id=164"},"modified":"2023-02-15T14:31:35","modified_gmt":"2023-02-15T14:31:35","slug":"dienstleistungen","status":"publish","type":"page","link":"https:\/\/salonschane.de\/?page_id=164","title":{"rendered":"Dienstleistungen"},"content":{"rendered":"\n<div align=\"left\">\n<h2 style=\"text-align: center;\">&nbsp;<\/h2>\n<ul style=\"list-style-type: square;\">\n<li><span style=\"font-family: tahoma, arial, helvetica, sans-serif; font-size: 14pt;\">Trockenhaarschnitt und Maschinenschnitt<\/span><\/li>\n<li><span style=\"font-family: tahoma, arial, helvetica, sans-serif; font-size: 14pt;\">Waschen, Schneiden, F\u00f6nen<\/span><\/li>\n<li><span style=\"font-family: tahoma, arial, helvetica, sans-serif; font-size: 14pt;\">Dauerwelle: Normal \/ Pflegedauerwelle (besonders schonend)<\/span><\/li>\n<li><span style=\"font-family: tahoma, arial, helvetica, sans-serif; font-size: 14pt;\">F\u00e4rben: Ansatzf\u00e4rbung \/ Neuf\u00e4rbung \/ Intensivt\u00f6nung<\/span><\/li>\n<li><span style=\"font-family: tahoma, arial, helvetica, sans-serif; font-size: 14pt;\">Str\u00e4hnen: Haubenstr\u00e4hnen \/ Folienstr\u00e4hnen<\/span><\/li>\n<li><span style=\"font-family: tahoma, arial, helvetica, sans-serif; font-size: 14pt;\">Haargl\u00e4ttung<\/span><\/li>\n<li><span style=\"font-family: tahoma, arial, helvetica, sans-serif; font-size: 14pt;\">Lockenstabfrisur<\/span><\/li>\n<li><span style=\"font-family: tahoma, arial, helvetica, sans-serif; font-size: 14pt;\">Kurpackung \/ Haarpflege \/ Kopfmassage<\/span><\/li>\n<li><span style=\"font-family: tahoma, arial, helvetica, sans-serif; font-size: 14pt;\">Wimpern- oder Augenbrauenf\u00e4rben<\/span><\/li>\n<li><span style=\"font-family: tahoma, arial, helvetica, sans-serif; font-size: 14pt;\">Augenbrauenzupfen<\/span><\/li>\n<li><span style=\"font-family: tahoma, arial, helvetica, sans-serif; font-size: 14pt;\">Komplette Gesichtshaarentfernung + Augenbrauen <\/span><\/li>\n<li><span style=\"font-family: tahoma, arial, helvetica, sans-serif; font-size: 14pt;\">uvm&#8230;&nbsp;<\/span><\/li>\n<\/ul>\n<\/div>\n\n\n\n<div align=\"left\">\u00a0<\/div>\n","protected":false},"excerpt":{"rendered":"<p>&nbsp; Trockenhaarschnitt und Maschinenschnitt Waschen, Schneiden, F\u00f6nen Dauerwelle: Normal \/ Pflegedauerwelle (besonders schonend) F\u00e4rben: Ansatzf\u00e4rbung \/ Neuf\u00e4rbung \/ Intensivt\u00f6nung Str\u00e4hnen: Haubenstr\u00e4hnen \/ Folienstr\u00e4hnen Haargl\u00e4ttung Lockenstabfrisur Kurpackung \/ Haarpflege \/ Kopfmassage Wimpern- oder Augenbrauenf\u00e4rben Augenbrauenzupfen Komplette Gesichtshaarentfernung + Augenbrauen uvm&#8230;&nbsp; \u00a0<\/p>\n","protected":false},"author":2,"featured_media":0,"parent":0,"menu_order":0,"comment_status":"closed","ping_status":"closed","template":"","meta":[],"_links":{"self":[{"href":"https:\/\/salonschane.de\/index.php?rest_route=\/wp\/v2\/pages\/164"}],"collection":[{"href":"https:\/\/salonschane.de\/index.php?rest_route=\/wp\/v2\/pages"}],"about":[{"href":"https:\/\/salonschane.de\/index.php?rest_route=\/wp\/v2\/types\/page"}],"author":[{"embeddable":true,"href":"https:\/\/salonschane.de\/index.php?rest_route=\/wp\/v2\/users\/2"}],"replies":[{"embeddable":true,"href":"https:\/\/salonschane.de\/index.php?rest_route=%2Fwp%2Fv2%2Fcomments&post=164"}],"version-history":[{"count":10,"href":"https:\/\/salonschane.de\/index.php?rest_route=\/wp\/v2\/pages\/164\/revisions"}],"predecessor-version":[{"id":730,"href":"https:\/\/salonschane.de\/index.php?rest_route=\/wp\/v2\/pages\/164\/revisions\/730"}],"wp:attachment":[{"href":"https:\/\/salonschane.de\/index.php?rest_route=%2Fwp%2Fv2%2Fmedia&parent=164"}],"curies":[{"name":"wp","href":"https:\/\/api.w.org\/{rel}","templated":true}]}}